{"id":919,"date":"2023-06-02T15:32:16","date_gmt":"2023-06-02T15:32:16","guid":{"rendered":"https:\/\/nehr-saurer-guss.de\/?page_id=919"},"modified":"2023-08-28T12:54:31","modified_gmt":"2023-08-28T12:54:31","slug":"impressum","status":"publish","type":"page","link":"https:\/\/nehr-saurer-guss.de\/index.php\/impressum\/","title":{"rendered":"Impressum"},"content":{"rendered":"<h3>Nehr + Saurer GmbH<\/h3>\n<h3>Eisengie\u00dferei<\/h3>\n<p>Nehr + Saurer GmbH<\/p>\n<p>Gesch\u00e4ftsf\u00fchrer: J. Nehr, S. Nehr<\/p>\n<p>Ottostra\u00dfe 10<\/p>\n<p>73037 G\u00f6ppingen<\/p>\n<p>Deutschland<\/p>\n<p>E-Mail-Adresse: info@nehr-saurer-guss.de<\/p>\n<p>Telefonnummer: 07161\/98429-0<\/p>\n<p>Gesellschafter:<\/p>\n<p>Registergericht &amp; Registernummer: Amtsgericht Ulm 533779<\/p>\n<p>Umsatzsteuer-Identifikationsnummer: DE 232 494 147<\/p>\n<p>Verantwortlich f\u00fcr den Inhalt: Sascha Nehr<\/p>\n<p>Plattform der Europ\u00e4ischen Kommission zur Online-Streitbeilegung (OS) f\u00fcr Verbraucher: <a href=\"https:\/\/ec.europa.eu\/consumers\/odr\/\">https:\/\/ec.europa.eu\/consumers\/odr\/<\/a>. Wir sind nicht bereit und nicht verpflichtet an einem Streitbeilegungsverfahren vor einer Verbraucherschlichtungsstelle teilzunehmen.<\/p>\n<p>Copyright: \u00a9 f\u00fcr Texte und Bilder der gesamten Website bei:<br \/>\nNehr +Saurer Eisengie\u00dferei GmbH<br \/>\n<a href=\"http:\/\/next.nehr-saurer-guss.de\/index.php\/haftungsausschluss\/\">Haftungsausschlu\u00df \/ Disclaimer anzeigen<\/a><\/p>\n<p>Bilder Kanonenrohr: Michael Tilp<br \/>\nBilder Skulptur \u201eBonaparte\u201c: <a href=\"http:\/\/www.trillsam.com\/\">Tim David Trillsam<br \/>\n<\/a>Bilder Oldtimer Zylinderkopf: <a href=\"http:\/\/www.stefanbau.com\/\">Stefan Bau<\/a><\/p>\n","protected":false},"excerpt":{"rendered":"<p>Nehr + Saurer GmbH Eisengie\u00dferei Nehr + Saurer GmbH Gesch\u00e4ftsf\u00fchrer: J. Nehr, S. Nehr Ottostra\u00dfe 10 73037 G\u00f6ppingen Deutschland E-Mail-Adresse: info@nehr-saurer-guss.de Telefonnummer: 07161\/98429-0 Gesellschafter: Registergericht &amp; Registernummer: Amtsgericht Ulm 533779 Umsatzsteuer-Identifikationsnummer: DE 232 494 147 Verantwortlich f\u00fcr den Inhalt: Sascha Nehr Plattform der Europ\u00e4ischen Kommission zur Online-Streitbeilegung (OS) f\u00fcr Verbraucher: https:\/\/ec.europa.eu\/consumers\/odr\/. Wir sind nicht bereit [&hellip;]<\/p>\n","protected":false},"author":1,"featured_media":0,"parent":0,"menu_order":0,"comment_status":"closed","ping_status":"closed","template":"","meta":{"footnotes":""},"class_list":["post-919","page","type-page","status-publish","hentry"],"_links":{"self":[{"href":"https:\/\/nehr-saurer-guss.de\/index.php\/wp-json\/wp\/v2\/pages\/919","targetHints":{"allow":["GET"]}}],"collection":[{"href":"https:\/\/nehr-saurer-guss.de\/index.php\/wp-json\/wp\/v2\/pages"}],"about":[{"href":"https:\/\/nehr-saurer-guss.de\/index.php\/wp-json\/wp\/v2\/types\/page"}],"author":[{"embeddable":true,"href":"https:\/\/nehr-saurer-guss.de\/index.php\/wp-json\/wp\/v2\/users\/1"}],"replies":[{"embeddable":true,"href":"https:\/\/nehr-saurer-guss.de\/index.php\/wp-json\/wp\/v2\/comments?post=919"}],"version-history":[{"count":3,"href":"https:\/\/nehr-saurer-guss.de\/index.php\/wp-json\/wp\/v2\/pages\/919\/revisions"}],"predecessor-version":[{"id":1581,"href":"https:\/\/nehr-saurer-guss.de\/index.php\/wp-json\/wp\/v2\/pages\/919\/revisions\/1581"}],"wp:attachment":[{"href":"https:\/\/nehr-saurer-guss.de\/index.php\/wp-json\/wp\/v2\/media?parent=919"}],"curies":[{"name":"wp","href":"https:\/\/api.w.org\/{rel}","templated":true}]}}